{"id":2685,"date":"2026-01-26T15:34:58","date_gmt":"2026-01-26T13:34:58","guid":{"rendered":"https:\/\/www.meridiankreis.de\/?page_id=2685"},"modified":"2026-01-26T15:34:58","modified_gmt":"2026-01-26T13:34:58","slug":"carl-zeiss-jena-firmenschriften","status":"publish","type":"page","link":"https:\/\/www.meridiankreis.de\/?page_id=2685","title":{"rendered":"Carl Zeiss Jena Firmenschriften"},"content":{"rendered":"\n<p><span style=\"font-size: large;\"><b>Carl Zeiss Astro Kataloge (1906-1938)<\/b><\/span><\/p>\n<p><b>Astro 8 (1906)<\/b><\/p>\n<p>Carl Zeiss Jena, Astronomische Fernrohr 3. Ausgabe, 23 cm x 30 cm, 64 Seiten, Hermann H\u00f6nnicke Leipzig, Druckvermerk: Astro 8, V. 06. 5000 d.<\/p>\n<p><b>Astro 14 ()<\/b><\/p>\n<p>Ver\u00f6ffentlichung: \u201eAstro 14\u201c, Sonnen- und Planeten\u00f6rter f\u00fcr 1907 nach R.H.BOW., 1. Seite, Beigabe zu Astro 8. Druckvermerk: keiner<\/p>\n<p><b>Astro 28 (1917)<\/b><\/p>\n<p>Zeiss-Fernrohre f\u00fcr astronomische und terrestrische Beobachtungen (Reisemodelle), 24. Seiten, 18,5 cm x 27 cm, Hermann H\u00f6nnicke, Kunst &amp; Buchdruckerei Leipzig, Softcover: Gr\u00fcn\/Gold, Druckvermerk: L 17.<\/p>\n<p><b>Astro 30 <\/b><b>(1916)<\/b><\/p>\n<p>Carl Zeiss Jena &#8211; Abteilung f\u00fcr astronomische Instrumente, Astronomische Instrumente, Astronomische Optik, Sternwartenkuppeln, Beobachtungsleitern, Hebeb\u00fchnen, 18,5 cm x 27 cm, 144 Seiten, Hermann H\u00f6nnicke, Kunst &amp; Buchdruckerei Leipzig, Hardcover: Gr\u00fcn\/Gold, Druckvermerk: XII. 16<\/p>\n<p><b>Astro 30 <\/b><b>(1916)<\/b><\/p>\n<p>Carl Zeiss Jena &#8211; Abteilung f\u00fcr astronomische Instrumente, Astronomische Instrumente, Astronomische Optik, Sternwartenkuppeln, Beobachtungsleitern, Hebeb\u00fchnen, 144. Seiten, 18,5 cm x 27 cm, Hermann H\u00f6nnicke, Kunst &amp; Buchdruckerei Leipzig, Hardcover: Rot\/Gold. Druckvermerk: XII. 16<\/p>\n<p><b>Astro 30 <\/b><b>(1916)<\/b><\/p>\n<p>Carl Zeiss Jena &#8211; Abteilung f\u00fcr astronomische Instrumente, Astronomische Instrumente, Astronomische Optik, Sternwartenkuppeln, Beobachtungsleitern, Hebeb\u00fchnen, 144. Seiten, 18,5 cm x 27 cm, Hermann H\u00f6nnicke, Kunst &amp; Buchdruckerei Leipzig, Hardcover: Dunkelrot\/Gold. Druckvermerk: XII. 16<\/p>\n<p><b>Astro 30 (1921)<\/b><\/p>\n<p>Carl Zeiss Jena \u2013 Instruments astronomiques, Optique astronomique, Coupoles, Echelles d\u2019obersaervation Planchers mobiles, 142. Seiten, 18,5 cm x 27 cm, Softcover, Druckvermerk: H.IV. 21.<\/p>\n<p><b>Astro 30 <\/b><b>(19<\/b><b>2<\/b><b>2<\/b><b>)<\/b><\/p>\n<p>Carl Zeiss Jena &#8211; Abteilung f\u00fcr astronomische Instrumente, Astronomische Instrumente,<b> <\/b>Astronomische Optik, Sternwartenkuppeln, Beobachtungsleitern, Hebeb\u00fchnen, 142. Seiten, 18 cm x 26 cm, gestempelt: Schlesicky-Str\u00f6hlein Frankfurt, Softcover: Braun\/Gold. Druckvermerk: U. VIII. 22.<\/p>\n<p><b>Astro 30 <\/b><b>(19<\/b><b>29<\/b><b>)<\/b><\/p>\n<p>Carl Zeiss Jena &#8211; Abteilung f\u00fcr astronomische Instrumente, Astronomische Instrumente, Astronomische Optik, Sternwartenkuppeln, Beobachtungsleitern, Hebeb\u00fchnen, 142. Seiten, 18 cm x 26 cm, Softcover: Braun\/Gold. Druckvermerk: U. XII. 29.<\/p>\n<p><b>Astro 31 ()<\/b><\/p>\n<p>Carl Zeiss Jena, Azimutale Fernrohre f\u00fcr astronomische und terrestrische Beobachtungen. Kometensucher, 22. Seiten, 19 cm x 27 cm, Softcover: Braun, Druckvermerk: keiner<\/p>\n<p><b>Astro 34 (1922)<\/b><\/p>\n<p>Carl Zeiss Jena, astronomische Optik, Fernrohrobjektive, Okulare, Astrophotographische Objektive, Parabolspiegel, Planspiegel, Prismen, Druckschrift Astro 34, 24. Seiten, 18,5 cm x 27 cm, Softcover: Braun\/D-Braun, Druckvermerk: H. V. 22.<\/p>\n<p><b>Astro 36 (1917)<\/b><\/p>\n<p>Carl Zeiss Jena &#8211; Abteilung f\u00fcr astronomische Instrumente, Astro-Preisliste, 15 cm x 23 cm, 14. Seiten, gestempelt \u201ePreis\u00e4nderungen vorbehalten\u201c, Beigabe zu Astro 30, Druckvermerk: H. I. 17.<\/p>\n<p><b>Astro 37 ()<\/b><\/p>\n<p>Carl Zeiss Jena &#8211; Abteilung f\u00fcr astronomische Instrumente, Fragebogen \u00fcber Astronomische und Terrestrische Fernrohre, Nebenapparate, Sternwartenkuppeln, Beobachtungsleitern, Faltblatt 4-seitig, 22 cm x 28 cm, Stempel: \u201ePreise ung\u00fcltig\u201c, Beigabe zu Astro 30, Druckvermerk: keiner<\/p>\n<p><b>Astro 40 (1920)<\/b><\/p>\n<p>Carl Zeiss Jena, Polarisations-Sonnenprisma nach Colzi, Druckschrift \u201eAstro 42\u201c, 4. Seiten, Faltblatt, 26 cm x 36 cm. Beigabe zu Astro 30, Druckvermerk: P. IV. 20.<\/p>\n<p><b>Astro 41 (1921)<\/b><\/p>\n<p>Carl Zeiss Jena, Die Feinbewegung in Azimut und H\u00f6he, Druckschrift \u201eAstro 41\u201c, 1. Seite, 26 cm x 36 cm. Beigabe zu Astro 30, Druckvermerk: V. XII. 21.<\/p>\n<p><b>Astro 43 (1932)<\/b><\/p>\n<p>Aufbewahrung und Reinigung der Fernrohre, Mehrsprachig, 17,5 cm x 35,5 cm, Faltblatt 4-seitig, gestempelt: Schlesicky-Str\u00f6hlein Frankfurt, Beigabe zu Astro 30, Druckvermerk B. VI. 32<\/p>\n<p><b>Astro 48 (1921)<\/b><\/p>\n<p>Carl Zeiss Jena, Binokulares Okular, Druckschrift \u201eAstro 42\u201c, 4. Seiten, Faltblatt, 26 cm x 36 cm. Beigabe zu Astro 30, Druckvermerk: P. I. 21.<\/p>\n<p><b>Astro 49 D (1921)<\/b><\/p>\n<p>Carl Zeiss Jena, Asegur 1. Seite, 11,5 cm x 16 cm, handschriftlich ca. 70 %, gestempelt % Teuerungszuschlag, \u00c4nderung vorbehalten. Beigabe zu Astro 30. Druckvermerk: K. XI. 21.<\/p>\n<p><b>Astro 50 D (1921)<\/b><\/p>\n<p>Carl Zeiss Jena, Starmor und Starmorbi, 1. Seite, 11,5 cm x 16 cm, handschriftlich ca. 70 %, gestempelt % Teuerungszuschlag, \u00c4nderung vorbehalten. Beigabe zu Astro 30. Druckvermerk: K. XI. 21.<\/p>\n<p><b>Astro 51 D (1921)<\/b><\/p>\n<p>Carl Zeiss Jena, Asem und Asembi, 1. Seite, 11,5 cm x 16 cm, handschriftlich ca. 70 %, gestempelt % Teuerungszuschlag, \u00c4nderung vorbehalten. Beigabe zu Astro 30. Druckvermerk: K. XI. 21.<\/p>\n<p><b>zu Astro 78 (1927)<\/b><\/p>\n<p>Carl Zeiss Jena, Preisliste \u00fcber azimutale und parallaktische Fernrohre, Einalge zu \u201eAstro 78\u201c ,1-seitig, 14,5 cm x 21 cm, Rot, Beigabe Astro 28 (?), Druckvermerk: V. II 27.<\/p>\n<p><b>Astro 80 (1928)<\/b><\/p>\n<p>Zeiss Fernrohre, Astro 80, 48. Seiten, 15 cm x 21 cm, Softcover: Braun\/Gold, Druckvermerk: H. X. 28<\/p>\n<p><b>Astro 82 (1928)<\/b><\/p>\n<p>Zeiss Fernrohre, Preisliste zum Katalog \u201eAstro 80\u201c, 1-seitig, 14,5 cm x 21 cm, Beigabe zu Astro 80, Druckvermerk: B. XI. 28<\/p>\n<p><b>Astro 85 (1929)<\/b><\/p>\n<p>Carl Zeiss Jena, Preisliste \u00fcber Astronomische Instrumente, Astronomische Optik, Sternwarten-Kuppeln, Aussichtsfernrohre, 16. Seiten, 15 cm x 21 cm, Druckvermerk: K. VIII. 29.<\/p>\n<p><b>Astro 92 (1930)<\/b><\/p>\n<p>Carl Zeiss Jena, Preisliste \u00fcber Astronomische Instrumente, Astronomische Optik, Sternwarten-Kuppeln, Aussichts-Fernrohre, 16. Seiten, 15 cm x 21 cm, Beigabe zu Astro 80, Druckvermerk: V. VI. 30.<\/p>\n<p><b>Astro 92 a (1930)<\/b><\/p>\n<p>Carl Zeiss Jena, Preisliste \u00fcber azimutale und parallaktische Fernrohre, 14,5 cm x 20,5 cm, 1-seitig, Beigabe zu Astro 30, Beigabe zu Astro 80, Druckvermerk: B. VI. 30<\/p>\n<p><b>Astro 92 a (1930)<\/b><\/p>\n<p>Carl Zeiss Jena, Preisliste \u00fcber azimutale und parallaktische Fernrohre, Einlage zu \u201eAstro 92\u201c, 15 cm x 21 cm, Beigabe zu Astro 80 (?), Druckvermerk: B. VI. 30<\/p>\n<p><b>Astro 505\/IV (1933)<\/b><\/p>\n<p>Zeiss Fernrohre, Auszug aus der Benutzer-Liste, 8 Seiten, Faltblatt, 21 cm x 59 cm, Druckvermerk: H.VI. 33<\/p>\n<p><b>Astro 516 (1933)<\/b><\/p>\n<p>Zeiss Astroinstrumente, Kuppeln, Hebeb\u00fchnen, 88 Seiten, 17,5 cm x 25 cm, Softcover, Druckvermerk: H. VI. 33<\/p>\n<p><b>Astro 527 (1935)<\/b><\/p>\n<p>Zeiss Fernrohre f\u00fcr terrestrische und astronomische Beobachtungen, 24. Seiten, 17,5 cm x 25 cm, Druckvermerk H. VI. 35<\/p>\n<p><b>Astro 527\/1 (1937)<\/b><\/p>\n<p>Zeiss Fernrohre f\u00fcr terrestrische und astronomische Beobachtungen, 24. Seiten, 17,5 cm x 25 cm, Druckvermerk H. VI. 37<\/p>\n<p><b>Astro 528 (1935)<\/b><\/p>\n<p>Carl Zeiss \/ Jena, Astronomische Nebenapparate, 40. Seiten, 17,5 cm x 25 cm, Druckvermerk: H. X. 35<\/p>\n<p><b>Astro 529 (1935)<\/b><\/p>\n<p>Carl Zeiss \/ Jena, Astronomische Optik, Fernrohrobjektive, Okulare, Astrophotographische Objektive, Parabolspiegel, Planspiegel, Prismen, 20. Seiten, 17,5 cm x 25 cm, Druckvermerk H. IX. 35<\/p>\n<p><b>Astro 534 (1936)<\/b><\/p>\n<p>Carl Zeiss Jena, Preisliste \u00fcber Astronomische Instrumente, Astronomische Optik, Sternwarten Kuppeln, Aussichst-Fernrohre, 12. Seiten, 15 cm x 21 cm, Beigabe in Astro 527, Druckvermerk: P. X. 36<\/p>\n<p><b>Astro 541 (1938)<\/b><\/p>\n<p>Neue astronomische Ger\u00e4te der Firma Carl Zeiss Jena, 8. Seiten, 17,5 cm x 25 cm, Druckvermerk: N. IX. 38.<\/p>\n","protected":false},"excerpt":{"rendered":"<p>Carl Zeiss Astro Kataloge (1906-1938) Astro 8 (1906) Carl Zeiss Jena, Astronomische Fernrohr 3. Ausgabe, 23 cm x 30 cm, 64 Seiten, Hermann H\u00f6nnicke Leipzig, Druckvermerk: Astro 8, V. 06. 5000 d. Astro 14 () Ver\u00f6ffentlichung: \u201eAstro 14\u201c, Sonnen- und [&hellip;]<\/p>\n","protected":false},"author":1,"featured_media":0,"parent":0,"menu_order":0,"comment_status":"closed","ping_status":"closed","template":"","meta":{"footnotes":""},"class_list":["post-2685","page","type-page","status-publish","hentry","clearfix"],"_links":{"self":[{"href":"https:\/\/www.meridiankreis.de\/index.php?rest_route=\/wp\/v2\/pages\/2685","targetHints":{"allow":["GET"]}}],"collection":[{"href":"https:\/\/www.meridiankreis.de\/index.php?rest_route=\/wp\/v2\/pages"}],"about":[{"href":"https:\/\/www.meridiankreis.de\/index.php?rest_route=\/wp\/v2\/types\/page"}],"author":[{"embeddable":true,"href":"https:\/\/www.meridiankreis.de\/index.php?rest_route=\/wp\/v2\/users\/1"}],"replies":[{"embeddable":true,"href":"https:\/\/www.meridiankreis.de\/index.php?rest_route=%2Fwp%2Fv2%2Fcomments&post=2685"}],"version-history":[{"count":0,"href":"https:\/\/www.meridiankreis.de\/index.php?rest_route=\/wp\/v2\/pages\/2685\/revisions"}],"wp:attachment":[{"href":"https:\/\/www.meridiankreis.de\/index.php?rest_route=%2Fwp%2Fv2%2Fmedia&parent=2685"}],"curies":[{"name":"wp","href":"https:\/\/api.w.org\/{rel}","templated":true}]}}